{"id":899,"date":"2025-06-16T04:05:34","date_gmt":"2025-06-16T04:05:34","guid":{"rendered":"https:\/\/meshico-realstate.com\/?page_id=899"},"modified":"2026-03-29T13:01:52","modified_gmt":"2026-03-29T20:01:52","slug":"cursos-3","status":"publish","type":"page","link":"https:\/\/soundhealingloscabos.com\/en\/cursos-3\/","title":{"rendered":"Courses"},"content":{"rendered":"<div data-elementor-type=\"wp-page\" data-elementor-id=\"899\" class=\"elementor elementor-899\" data-elementor-post-type=\"page\">\n\t\t\t\t<div class=\"elementor-element elementor-element-07d8e33 e-flex e-con-boxed e-con e-parent\" data-id=\"07d8e33\" data-element_type=\"container\">\n\t\t\t\t\t<div class=\"e-con-inner\">\n\t\t\t\t<div class=\"elementor-element elementor-element-19c68ac elementor-widget elementor-widget-heading\" data-id=\"19c68ac\" data-element_type=\"widget\" data-widget_type=\"heading.default\">\n\t\t\t\t\t<h2 class=\"elementor-heading-title elementor-size-default\">Sound Therapy Courses<\/h2>\t\t\t\t<\/div>\n\t\t\t\t<div class=\"elementor-element elementor-element-b5c4d95 elementor-widget elementor-widget-text-editor\" data-id=\"b5c4d95\" data-element_type=\"widget\" data-widget_type=\"text-editor.default\">\n\t\t\t\t\t\t\t\t\tIn-person training in Spanish to become a sound therapist.\n\t\t\t\t\t\t\t\t<\/div>\n\t\t\t\t\t<\/div>\n\t\t\t\t<\/div>\n\t\t<div class=\"elementor-element elementor-element-ab00608 e-flex e-con-boxed e-con e-parent\" data-id=\"ab00608\" data-element_type=\"container\" data-settings=\"{&quot;background_background&quot;:&quot;classic&quot;}\">\n\t\t\t\t\t<div class=\"e-con-inner\">\n\t\t<div class=\"elementor-element elementor-element-758145d e-grid e-con-full e-con e-child\" data-id=\"758145d\" data-element_type=\"container\">\n\t\t<div class=\"elementor-element elementor-element-4e0f58c e-con-full e-flex e-con e-child\" data-id=\"4e0f58c\" data-element_type=\"container\" data-settings=\"{&quot;background_background&quot;:&quot;classic&quot;}\">\n\t\t\t\t<div class=\"elementor-element elementor-element-71025a7 elementor-position-top elementor-widget elementor-widget-image-box\" data-id=\"71025a7\" data-element_type=\"widget\" data-widget_type=\"image-box.default\">\n\t\t\t\t\t<div class=\"elementor-image-box-wrapper\"><figure class=\"elementor-image-box-img\"><img fetchpriority=\"high\" decoding=\"async\" width=\"284\" height=\"284\" src=\"https:\/\/soundhealingloscabos.com\/wp-content\/uploads\/2025\/07\/CursosIconos_1.png\" class=\"attachment-full size-full wp-image-1262\" alt=\"\" title=\"\" srcset=\"https:\/\/soundhealingloscabos.com\/wp-content\/uploads\/2025\/07\/CursosIconos_1.png 284w, https:\/\/soundhealingloscabos.com\/wp-content\/uploads\/2025\/07\/CursosIconos_1-150x150.png 150w, https:\/\/soundhealingloscabos.com\/wp-content\/uploads\/2025\/07\/CursosIconos_1-100x100.png 100w\" sizes=\"(max-width: 284px) 100vw, 284px\" \/><\/figure><div class=\"elementor-image-box-content\"><h3 class=\"elementor-image-box-title\">Basic Sound Therapy Course<\/h3><p class=\"elementor-image-box-description\">Fundamentals of sound healing and the use of instruments such as bowls, bells, and tuning forks.\n30 hours | Quote required<\/p><\/div><\/div>\t\t\t\t<\/div>\n\t\t\t\t<\/div>\n\t\t<div class=\"elementor-element elementor-element-f621019 e-con-full e-flex e-con e-child\" data-id=\"f621019\" data-element_type=\"container\" data-settings=\"{&quot;background_background&quot;:&quot;classic&quot;}\">\n\t\t\t\t<div class=\"elementor-element elementor-element-fb2f925 elementor-position-top elementor-widget elementor-widget-image-box\" data-id=\"fb2f925\" data-element_type=\"widget\" data-widget_type=\"image-box.default\">\n\t\t\t\t\t<div class=\"elementor-image-box-wrapper\"><figure class=\"elementor-image-box-img\"><img decoding=\"async\" width=\"284\" height=\"284\" src=\"https:\/\/soundhealingloscabos.com\/wp-content\/uploads\/2025\/07\/CursosIconos_2.png\" class=\"attachment-full size-full wp-image-1265\" alt=\"\" title=\"\" srcset=\"https:\/\/soundhealingloscabos.com\/wp-content\/uploads\/2025\/07\/CursosIconos_2.png 284w, https:\/\/soundhealingloscabos.com\/wp-content\/uploads\/2025\/07\/CursosIconos_2-150x150.png 150w, https:\/\/soundhealingloscabos.com\/wp-content\/uploads\/2025\/07\/CursosIconos_2-100x100.png 100w\" sizes=\"(max-width: 284px) 100vw, 284px\" \/><\/figure><div class=\"elementor-image-box-content\"><h3 class=\"elementor-image-box-title\">Advanced Sound Therapy Course<\/h3><p class=\"elementor-image-box-description\">Advanced techniques and tools to enhance therapeutic practice.<br>\n30 hours | Basic level course completion required<\/p><\/div><\/div>\t\t\t\t<\/div>\n\t\t\t\t<\/div>\n\t\t<div class=\"elementor-element elementor-element-64c3545 e-con-full e-flex e-con e-child\" data-id=\"64c3545\" data-element_type=\"container\" data-settings=\"{&quot;background_background&quot;:&quot;classic&quot;}\">\n\t\t\t\t<div class=\"elementor-element elementor-element-0f3221b elementor-position-top elementor-widget elementor-widget-image-box\" data-id=\"0f3221b\" data-element_type=\"widget\" data-widget_type=\"image-box.default\">\n\t\t\t\t\t<div class=\"elementor-image-box-wrapper\"><figure class=\"elementor-image-box-img\"><img decoding=\"async\" width=\"284\" height=\"284\" src=\"https:\/\/soundhealingloscabos.com\/wp-content\/uploads\/2025\/07\/CursosIconos_3.png\" class=\"attachment-full size-full wp-image-1264\" alt=\"\" title=\"\" srcset=\"https:\/\/soundhealingloscabos.com\/wp-content\/uploads\/2025\/07\/CursosIconos_3.png 284w, https:\/\/soundhealingloscabos.com\/wp-content\/uploads\/2025\/07\/CursosIconos_3-150x150.png 150w, https:\/\/soundhealingloscabos.com\/wp-content\/uploads\/2025\/07\/CursosIconos_3-100x100.png 100w\" sizes=\"(max-width: 284px) 100vw, 284px\" \/><\/figure><div class=\"elementor-image-box-content\"><h3 class=\"elementor-image-box-title\">Spa Sound <br>Therapist Workshop<\/h3><p class=\"elementor-image-box-description\">Training for spa and hotel staff. Integration of sound therapy with bronze bowls.\n15 hours<\/p><\/div><\/div>\t\t\t\t<\/div>\n\t\t\t\t<\/div>\n\t\t<div class=\"elementor-element elementor-element-d52f148 e-con-full e-flex e-con e-child\" data-id=\"d52f148\" data-element_type=\"container\" data-settings=\"{&quot;background_background&quot;:&quot;classic&quot;}\">\n\t\t\t\t<div class=\"elementor-element elementor-element-9989d0f elementor-position-top elementor-widget elementor-widget-image-box\" data-id=\"9989d0f\" data-element_type=\"widget\" data-widget_type=\"image-box.default\">\n\t\t\t\t\t<div class=\"elementor-image-box-wrapper\"><figure class=\"elementor-image-box-img\"><img loading=\"lazy\" decoding=\"async\" width=\"284\" height=\"284\" src=\"https:\/\/soundhealingloscabos.com\/wp-content\/uploads\/2025\/07\/CursosIconos_Acuatico.png\" class=\"attachment-full size-full wp-image-1263\" alt=\"\" title=\"\" srcset=\"https:\/\/soundhealingloscabos.com\/wp-content\/uploads\/2025\/07\/CursosIconos_Acuatico.png 284w, https:\/\/soundhealingloscabos.com\/wp-content\/uploads\/2025\/07\/CursosIconos_Acuatico-150x150.png 150w, https:\/\/soundhealingloscabos.com\/wp-content\/uploads\/2025\/07\/CursosIconos_Acuatico-100x100.png 100w\" sizes=\"(max-width: 284px) 100vw, 284px\" \/><\/figure><div class=\"elementor-image-box-content\"><h3 class=\"elementor-image-box-title\">Aquatic Sound Therapy Workshop<\/h3><p class=\"elementor-image-box-description\">Specialization in water-based therapies for certified therapists.<br>\n6 hours<\/p><\/div><\/div>\t\t\t\t<\/div>\n\t\t\t\t<\/div>\n\t\t\t\t<\/div>\n\t\t\t\t\t<\/div>\n\t\t\t\t<\/div>\n\t\t<div class=\"elementor-element elementor-element-2d04370 e-flex e-con-boxed e-con e-parent\" data-id=\"2d04370\" data-element_type=\"container\">\n\t\t\t\t\t<div class=\"e-con-inner\">\n\t\t\t\t<div class=\"elementor-element elementor-element-8e3231f elementor-widget elementor-widget-heading\" data-id=\"8e3231f\" data-element_type=\"widget\" data-widget_type=\"heading.default\">\n\t\t\t\t\t<h2 class=\"elementor-heading-title elementor-size-default\">\ud83d\udce9 Request the full syllabus or available dates by contacting us.<\/h2>\t\t\t\t<\/div>\n\t\t<div class=\"elementor-element elementor-element-e24ca9b e-con-full e-flex e-con e-child\" data-id=\"e24ca9b\" data-element_type=\"container\">\n\t\t\t\t<div class=\"elementor-element elementor-element-fbb2d0b elementor-align-justify elementor-widget__width-initial elementor-widget elementor-widget-button\" data-id=\"fbb2d0b\" data-element_type=\"widget\" data-widget_type=\"button.default\">\n\t\t\t\t\t\t\t\t\t\t<a class=\"elementor-button elementor-button-link elementor-size-sm\" href=\"https:\/\/api.whatsapp.com\/send\/?phone=525519311274&#038;text&#038;type=phone_number&#038;app_absent=0\" target=\"_blank\" rel=\"noopener\">\n\t\t\t\t\t\t<span class=\"elementor-button-content-wrapper\">\n\t\t\t\t\t\t\t\t\t<span class=\"elementor-button-text\">Check the upcoming dates<\/span>\n\t\t\t\t\t<\/span>\n\t\t\t\t\t<\/a>\n\t\t\t\t\t\t\t\t<\/div>\n\t\t\t\t<div class=\"elementor-element elementor-element-c648639 elementor-align-justify elementor-widget__width-initial elementor-widget elementor-widget-button\" data-id=\"c648639\" data-element_type=\"widget\" data-widget_type=\"button.default\">\n\t\t\t\t\t\t\t\t\t\t<a class=\"elementor-button elementor-button-link elementor-size-sm\" href=\"https:\/\/soundhealingloscabos.com\/en\/nuestros-estudiantes\/\">\n\t\t\t\t\t\t<span class=\"elementor-button-content-wrapper\">\n\t\t\t\t\t\t\t\t\t<span class=\"elementor-button-text\">Meet our students<\/span>\n\t\t\t\t\t<\/span>\n\t\t\t\t\t<\/a>\n\t\t\t\t\t\t\t\t<\/div>\n\t\t\t\t<\/div>\n\t\t\t\t<div class=\"elementor-element elementor-element-190a766 elementor-widget__width-inherit elementor-widget elementor-widget-image\" data-id=\"190a766\" data-element_type=\"widget\" data-widget_type=\"image.default\">\n\t\t\t\t\t\t\t\t\t\t\t\t\t\t\t<img loading=\"lazy\" decoding=\"async\" width=\"800\" height=\"601\" src=\"https:\/\/soundhealingloscabos.com\/wp-content\/uploads\/2025\/03\/SHLC_Workshops_Terapeuta-de-Sonido-2-1-1024x769.jpg\" class=\"attachment-large size-large wp-image-297\" alt=\"\" srcset=\"https:\/\/soundhealingloscabos.com\/wp-content\/uploads\/2025\/03\/SHLC_Workshops_Terapeuta-de-Sonido-2-1-1024x769.jpg 1024w, https:\/\/soundhealingloscabos.com\/wp-content\/uploads\/2025\/03\/SHLC_Workshops_Terapeuta-de-Sonido-2-1-300x225.jpg 300w, https:\/\/soundhealingloscabos.com\/wp-content\/uploads\/2025\/03\/SHLC_Workshops_Terapeuta-de-Sonido-2-1-768x577.jpg 768w, https:\/\/soundhealingloscabos.com\/wp-content\/uploads\/2025\/03\/SHLC_Workshops_Terapeuta-de-Sonido-2-1-1536x1154.jpg 1536w, https:\/\/soundhealingloscabos.com\/wp-content\/uploads\/2025\/03\/SHLC_Workshops_Terapeuta-de-Sonido-2-1-600x451.jpg 600w, https:\/\/soundhealingloscabos.com\/wp-content\/uploads\/2025\/03\/SHLC_Workshops_Terapeuta-de-Sonido-2-1.jpg 2000w\" sizes=\"(max-width: 800px) 100vw, 800px\" title=\"\">\t\t\t\t\t\t\t\t\t\t\t\t\t\t\t<\/div>\n\t\t\t\t\t<\/div>\n\t\t\t\t<\/div>\n\t\t\t\t<\/div>","protected":false},"excerpt":{"rendered":"<p>Cursos de Sonoterapia Formaci\u00f3n presencial en espa\u00f1ol para convertirte en terapeuta de sonido. Curso B\u00e1sico de Terapia de Sonido Fundamentos de la sanaci\u00f3n sonora y uso de instrumentos como cuencos, [&hellip;]<\/p>","protected":false},"author":1,"featured_media":0,"parent":0,"menu_order":0,"comment_status":"closed","ping_status":"closed","template":"elementor_header_footer","meta":{"_coblocks_attr":"","_coblocks_dimensions":"","_coblocks_responsive_height":"","_coblocks_accordion_ie_support":"","footnotes":""},"class_list":["post-899","page","type-page","status-publish","hentry"],"_links":{"self":[{"href":"https:\/\/soundhealingloscabos.com\/en\/wp-json\/wp\/v2\/pages\/899","targetHints":{"allow":["GET"]}}],"collection":[{"href":"https:\/\/soundhealingloscabos.com\/en\/wp-json\/wp\/v2\/pages"}],"about":[{"href":"https:\/\/soundhealingloscabos.com\/en\/wp-json\/wp\/v2\/types\/page"}],"author":[{"embeddable":true,"href":"https:\/\/soundhealingloscabos.com\/en\/wp-json\/wp\/v2\/users\/1"}],"replies":[{"embeddable":true,"href":"https:\/\/soundhealingloscabos.com\/en\/wp-json\/wp\/v2\/comments?post=899"}],"version-history":[{"count":99,"href":"https:\/\/soundhealingloscabos.com\/en\/wp-json\/wp\/v2\/pages\/899\/revisions"}],"predecessor-version":[{"id":9481,"href":"https:\/\/soundhealingloscabos.com\/en\/wp-json\/wp\/v2\/pages\/899\/revisions\/9481"}],"wp:attachment":[{"href":"https:\/\/soundhealingloscabos.com\/en\/wp-json\/wp\/v2\/media?parent=899"}],"curies":[{"name":"wp","href":"https:\/\/api.w.org\/{rel}","templated":true}]}}