{"id":430,"date":"2025-04-02T08:27:49","date_gmt":"2025-04-02T08:27:49","guid":{"rendered":"https:\/\/meshico-realstate.com\/?page_id=430"},"modified":"2025-09-17T19:54:06","modified_gmt":"2025-09-18T01:54:06","slug":"javier-montiel","status":"publish","type":"page","link":"https:\/\/soundhealingloscabos.com\/en\/javier-montiel\/","title":{"rendered":"Javier Montiel"},"content":{"rendered":"<div data-elementor-type=\"wp-page\" data-elementor-id=\"430\" class=\"elementor elementor-430\" data-elementor-post-type=\"page\">\n\t\t\t\t<div class=\"elementor-element elementor-element-b558f8f e-flex e-con-boxed e-con e-parent\" data-id=\"b558f8f\" data-element_type=\"container\">\n\t\t\t\t\t<div class=\"e-con-inner\">\n\t\t\t\t<div class=\"elementor-element elementor-element-c38fe0d elementor-widget elementor-widget-heading\" data-id=\"c38fe0d\" data-element_type=\"widget\" data-widget_type=\"heading.default\">\n\t\t\t\t\t<h2 class=\"elementor-heading-title elementor-size-default\">  Javier Montiel\n<\/h2>\t\t\t\t<\/div>\n\t\t\t\t<div class=\"elementor-element elementor-element-9e58497 elementor-widget-divider--view-line elementor-widget elementor-widget-divider\" data-id=\"9e58497\" data-element_type=\"widget\" data-widget_type=\"divider.default\">\n\t\t\t\t\t\t\t<div class=\"elementor-divider\">\n\t\t\t<span class=\"elementor-divider-separator\">\n\t\t\t\t\t\t<\/span>\n\t\t<\/div>\n\t\t\t\t\t\t<\/div>\n\t\t<div class=\"elementor-element elementor-element-6349cf6 e-con-full e-flex e-con e-child\" data-id=\"6349cf6\" data-element_type=\"container\">\n\t\t\t\t<div class=\"elementor-element elementor-element-923a5df elementor-widget__width-initial elementor-widget elementor-widget-image\" data-id=\"923a5df\" data-element_type=\"widget\" data-widget_type=\"image.default\">\n\t\t\t\t\t\t\t\t\t\t\t\t\t\t\t<img fetchpriority=\"high\" decoding=\"async\" width=\"597\" height=\"596\" src=\"https:\/\/soundhealingloscabos.com\/wp-content\/uploads\/2025\/04\/QuieneSomosJavier.jpg\" class=\"attachment-large size-large wp-image-420\" alt=\"\" srcset=\"https:\/\/soundhealingloscabos.com\/wp-content\/uploads\/2025\/04\/QuieneSomosJavier.jpg 597w, https:\/\/soundhealingloscabos.com\/wp-content\/uploads\/2025\/04\/QuieneSomosJavier-300x300.jpg 300w, https:\/\/soundhealingloscabos.com\/wp-content\/uploads\/2025\/04\/QuieneSomosJavier-150x150.jpg 150w, https:\/\/soundhealingloscabos.com\/wp-content\/uploads\/2025\/04\/QuieneSomosJavier-100x100.jpg 100w\" sizes=\"(max-width: 597px) 100vw, 597px\" title=\"\">\t\t\t\t\t\t\t\t\t\t\t\t\t\t\t<\/div>\n\t\t<div class=\"elementor-element elementor-element-91f4259 e-con-full e-flex e-con e-child\" data-id=\"91f4259\" data-element_type=\"container\">\n\t\t\t\t<div class=\"elementor-element elementor-element-08cc637 elementor-widget elementor-widget-heading\" data-id=\"08cc637\" data-element_type=\"widget\" data-widget_type=\"heading.default\">\n\t\t\t\t\t<h2 class=\"elementor-heading-title elementor-size-default\">Founder and Executive Director<\/h2>\t\t\t\t<\/div>\n\t\t\t\t<div class=\"elementor-element elementor-element-68df983 elementor-widget elementor-widget-text-editor\" data-id=\"68df983\" data-element_type=\"widget\" data-widget_type=\"text-editor.default\">\n\t\t\t\t\t\t\t\t\tBorn in Mexico City, he is a certified sound therapist by the Spanish Institution of Sonotherapy, an organization endorsed by major Sonotherapy bodies in Europe such as Europ\u00e4ischer Fachverband (registration 3301), Deutsche Musiktherapeutische Gesellschaft (registration 12948), and The Complementary Medical Association (registration C20180927000101). His vocation for service has taken him to various cities throughout Mexico and abroad, offering integrative medicine and rehabilitation services primarily through sound and guided meditations, achieving successful results. In 2021, he completed SEP Certification as a Music Therapist with Bronze Bowls and a Diploma at the Elephant Bowl Community.\n\n\t\t\t\t\t\t\t\t<\/div>\n\t\t<div class=\"elementor-element elementor-element-9f2edd2 e-con-full e-flex e-con e-child\" data-id=\"9f2edd2\" data-element_type=\"container\">\n\t\t\t\t<div class=\"elementor-element elementor-element-5af4834 elementor-widget elementor-widget-icon-box\" data-id=\"5af4834\" data-element_type=\"widget\" data-widget_type=\"icon-box.default\">\n\t\t\t\t\t\t\t<div class=\"elementor-icon-box-wrapper\">\n\n\t\t\t\n\t\t\t\t\t\t<div class=\"elementor-icon-box-content\">\n\n\t\t\t\t\t\t\t\t\t<h3 class=\"elementor-icon-box-title\">\n\t\t\t\t\t\t<span  >\n\t\t\t\t\t\t\tCEO\t\t\t\t\t\t<\/span>\n\t\t\t\t\t<\/h3>\n\t\t\t\t\n\t\t\t\t\t\t\t\t\t<p class=\"elementor-icon-box-description\">\n\t\t\t\t\t\tJavier Montiel\t\t\t\t\t<\/p>\n\t\t\t\t\n\t\t\t<\/div>\n\t\t\t\n\t\t<\/div>\n\t\t\t\t\t\t<\/div>\n\t\t\t\t<div class=\"elementor-element elementor-element-d415dff elementor-align-right elementor-mobile-align-center elementor-widget__width-initial elementor-widget elementor-widget-button\" data-id=\"d415dff\" data-element_type=\"widget\" data-widget_type=\"button.default\">\n\t\t\t\t\t\t\t\t\t\t<a class=\"elementor-button elementor-button-link elementor-size-sm\" href=\"https:\/\/soundhealingloscabos.com\/en\/quienes-somos\/\">\n\t\t\t\t\t\t<span class=\"elementor-button-content-wrapper\">\n\t\t\t\t\t\t\t\t\t<span class=\"elementor-button-text\">Back<\/span>\n\t\t\t\t\t<\/span>\n\t\t\t\t\t<\/a>\n\t\t\t\t\t\t\t\t<\/div>\n\t\t\t\t<\/div>\n\t\t\t\t<\/div>\n\t\t\t\t<\/div>\n\t\t\t\t\t<\/div>\n\t\t\t\t<\/div>\n\t\t\t\t<\/div>","protected":false},"excerpt":{"rendered":"<p>Javier Montiel Fundador y Director Ejecutivo Originario de la Ciudad de M\u00e9xico, Sonoterapeuta certificado por la Instituci\u00f3n Espa\u00f1ola de Sonoterapia, instancia respaldada por importantes organizaciones de Sonoterapia en Europa como [&hellip;]<\/p>","protected":false},"author":1,"featured_media":0,"parent":0,"menu_order":0,"comment_status":"closed","ping_status":"closed","template":"elementor_header_footer","meta":{"_coblocks_attr":"","_coblocks_dimensions":"","_coblocks_responsive_height":"","_coblocks_accordion_ie_support":"","footnotes":""},"class_list":["post-430","page","type-page","status-publish","hentry"],"_links":{"self":[{"href":"https:\/\/soundhealingloscabos.com\/en\/wp-json\/wp\/v2\/pages\/430","targetHints":{"allow":["GET"]}}],"collection":[{"href":"https:\/\/soundhealingloscabos.com\/en\/wp-json\/wp\/v2\/pages"}],"about":[{"href":"https:\/\/soundhealingloscabos.com\/en\/wp-json\/wp\/v2\/types\/page"}],"author":[{"embeddable":true,"href":"https:\/\/soundhealingloscabos.com\/en\/wp-json\/wp\/v2\/users\/1"}],"replies":[{"embeddable":true,"href":"https:\/\/soundhealingloscabos.com\/en\/wp-json\/wp\/v2\/comments?post=430"}],"version-history":[{"count":58,"href":"https:\/\/soundhealingloscabos.com\/en\/wp-json\/wp\/v2\/pages\/430\/revisions"}],"predecessor-version":[{"id":9107,"href":"https:\/\/soundhealingloscabos.com\/en\/wp-json\/wp\/v2\/pages\/430\/revisions\/9107"}],"wp:attachment":[{"href":"https:\/\/soundhealingloscabos.com\/en\/wp-json\/wp\/v2\/media?parent=430"}],"curies":[{"name":"wp","href":"https:\/\/api.w.org\/{rel}","templated":true}]}}