{"id":1202,"date":"2025-07-03T21:11:01","date_gmt":"2025-07-03T21:11:01","guid":{"rendered":"https:\/\/meshico-realstate.com\/?page_id=1202"},"modified":"2025-09-17T19:59:10","modified_gmt":"2025-09-18T01:59:10","slug":"campana-altruista-de-sanacion","status":"publish","type":"page","link":"https:\/\/soundhealingloscabos.com\/en\/campana-altruista-de-sanacion\/","title":{"rendered":"Healing Altruistic Campaign"},"content":{"rendered":"<div data-elementor-type=\"wp-page\" data-elementor-id=\"1202\" class=\"elementor elementor-1202\" data-elementor-post-type=\"page\">\n\t\t\t\t<div class=\"elementor-element elementor-element-4c4d802 e-flex e-con-boxed e-con e-parent\" data-id=\"4c4d802\" data-element_type=\"container\">\n\t\t\t\t\t<div class=\"e-con-inner\">\n\t\t\t\t<div class=\"elementor-element elementor-element-921e24a elementor-widget-mobile__width-initial elementor-widget elementor-widget-heading\" data-id=\"921e24a\" data-element_type=\"widget\" data-widget_type=\"heading.default\">\n\t\t\t\t\t<h2 class=\"elementor-heading-title elementor-size-default\">Healing Altruistic Campaign\n<\/h2>\t\t\t\t<\/div>\n\t\t\t\t<div class=\"elementor-element elementor-element-b77718d elementor-hidden-mobile elementor-widget elementor-widget-text-editor\" data-id=\"b77718d\" data-element_type=\"widget\" data-widget_type=\"text-editor.default\">\n\t\t\t\t\t\t\t\t\t<p>A real commitment to those who need it most.<\/p>\t\t\t\t\t\t\t\t<\/div>\n\t\t\t\t<div class=\"elementor-element elementor-element-9acb556 elementor-hidden-desktop elementor-hidden-tablet elementor-widget elementor-widget-text-editor\" data-id=\"9acb556\" data-element_type=\"widget\" data-widget_type=\"text-editor.default\">\n\t\t\t\t\t\t\t\t\tUn compromiso real<br> con quienes m\u00e1s lo necesitan\t\t\t\t\t\t\t\t<\/div>\n\t\t\t\t<div class=\"elementor-element elementor-element-e3e5eb6 elementor-widget elementor-widget-text-editor\" data-id=\"e3e5eb6\" data-element_type=\"widget\" data-widget_type=\"text-editor.default\">\n\t\t\t\t\t\t\t\t\t<p>The Altruistic Healing Campaign is an initiative born from a deep commitment to providing therapeutic care and emotional support to people in vulnerable situations. Our goal is to bring well-being to those facing critical moments: people with addictions, older adults, and those going through emotional crises or mental health conditions. This program is an essential part of our work and represents a concrete way to extend care where it is most needed.<\/p>\t\t\t\t\t\t\t\t<\/div>\n\t\t\t\t<div class=\"elementor-element elementor-element-0fd4956 elementor-widget__width-initial elementor-pagination-position-outside elementor-widget elementor-widget-image-carousel\" data-id=\"0fd4956\" data-element_type=\"widget\" data-settings=\"{&quot;slides_to_show&quot;:&quot;3&quot;,&quot;navigation&quot;:&quot;dots&quot;,&quot;autoplay&quot;:&quot;yes&quot;,&quot;pause_on_hover&quot;:&quot;yes&quot;,&quot;pause_on_interaction&quot;:&quot;yes&quot;,&quot;autoplay_speed&quot;:5000,&quot;infinite&quot;:&quot;yes&quot;,&quot;speed&quot;:500}\" data-widget_type=\"image-carousel.default\">\n\t\t\t\t\t\t\t<div class=\"elementor-image-carousel-wrapper swiper\" role=\"region\" aria-roledescription=\"carousel\" aria-label=\"Carrusel de Im\u00e1genes\" dir=\"ltr\">\n\t\t\t<div class=\"elementor-image-carousel swiper-wrapper swiper-image-stretch\" aria-live=\"off\">\n\t\t\t\t\t\t\t\t<div class=\"swiper-slide\" role=\"group\" aria-roledescription=\"slide\" aria-label=\"1 of 18\"><figure class=\"swiper-slide-inner\"><img decoding=\"async\" class=\"swiper-slide-image\" src=\"https:\/\/soundhealingloscabos.com\/wp-content\/uploads\/2025\/07\/SHLC_CampanaAltruista_Sesiones-18-768x544.png\" alt=\"SHLC_Campa\u00f1aAltruista_Sesiones (18)\" title=\"\"><\/figure><\/div><div class=\"swiper-slide\" role=\"group\" aria-roledescription=\"slide\" aria-label=\"2 of 18\"><figure class=\"swiper-slide-inner\"><img decoding=\"async\" class=\"swiper-slide-image\" src=\"https:\/\/soundhealingloscabos.com\/wp-content\/uploads\/2025\/07\/SHLC_CampanaAltruista_Sesiones-17-768x544.png\" alt=\"SHLC_Campa\u00f1aAltruista_Sesiones (17)\" title=\"\"><\/figure><\/div><div class=\"swiper-slide\" role=\"group\" aria-roledescription=\"slide\" aria-label=\"3 of 18\"><figure class=\"swiper-slide-inner\"><img decoding=\"async\" class=\"swiper-slide-image\" src=\"https:\/\/soundhealingloscabos.com\/wp-content\/uploads\/2025\/07\/SHLC_CampanaAltruista_Sesiones-16-768x544.png\" alt=\"SHLC_Campa\u00f1aAltruista_Sesiones (16)\" title=\"\"><\/figure><\/div><div class=\"swiper-slide\" role=\"group\" aria-roledescription=\"slide\" aria-label=\"4 of 18\"><figure class=\"swiper-slide-inner\"><img decoding=\"async\" class=\"swiper-slide-image\" src=\"https:\/\/soundhealingloscabos.com\/wp-content\/uploads\/2025\/07\/SHLC_CampanaAltruista_Sesiones-15-768x544.png\" alt=\"SHLC_Campa\u00f1aAltruista_Sesiones (15)\" title=\"\"><\/figure><\/div><div class=\"swiper-slide\" role=\"group\" aria-roledescription=\"slide\" aria-label=\"5 of 18\"><figure class=\"swiper-slide-inner\"><img decoding=\"async\" class=\"swiper-slide-image\" src=\"https:\/\/soundhealingloscabos.com\/wp-content\/uploads\/2025\/07\/SHLC_CampanaAltruista_Sesiones-14-768x544.png\" alt=\"SHLC_Campa\u00f1aAltruista_Sesiones (14)\" title=\"\"><\/figure><\/div><div class=\"swiper-slide\" role=\"group\" aria-roledescription=\"slide\" aria-label=\"6 of 18\"><figure class=\"swiper-slide-inner\"><img decoding=\"async\" class=\"swiper-slide-image\" src=\"https:\/\/soundhealingloscabos.com\/wp-content\/uploads\/2025\/07\/SHLC_CampanaAltruista_Sesiones-13-768x544.png\" alt=\"SHLC_Campa\u00f1aAltruista_Sesiones (13)\" title=\"\"><\/figure><\/div><div class=\"swiper-slide\" role=\"group\" aria-roledescription=\"slide\" aria-label=\"7 of 18\"><figure class=\"swiper-slide-inner\"><img decoding=\"async\" class=\"swiper-slide-image\" src=\"https:\/\/soundhealingloscabos.com\/wp-content\/uploads\/2025\/07\/SHLC_CampanaAltruista_Sesiones-12-768x544.png\" alt=\"SHLC_Campa\u00f1aAltruista_Sesiones (12)\" title=\"\"><\/figure><\/div><div class=\"swiper-slide\" role=\"group\" aria-roledescription=\"slide\" aria-label=\"8 of 18\"><figure class=\"swiper-slide-inner\"><img decoding=\"async\" class=\"swiper-slide-image\" src=\"https:\/\/soundhealingloscabos.com\/wp-content\/uploads\/2025\/07\/SHLC_CampanaAltruista_Sesiones-11-768x544.png\" alt=\"SHLC_Campa\u00f1aAltruista_Sesiones (11)\" title=\"\"><\/figure><\/div><div class=\"swiper-slide\" role=\"group\" aria-roledescription=\"slide\" aria-label=\"9 of 18\"><figure class=\"swiper-slide-inner\"><img decoding=\"async\" class=\"swiper-slide-image\" src=\"https:\/\/soundhealingloscabos.com\/wp-content\/uploads\/2025\/07\/SHLC_CampanaAltruista_Sesiones-10-768x544.png\" alt=\"SHLC_Campa\u00f1aAltruista_Sesiones (10)\" title=\"\"><\/figure><\/div><div class=\"swiper-slide\" role=\"group\" aria-roledescription=\"slide\" aria-label=\"10 of 18\"><figure class=\"swiper-slide-inner\"><img decoding=\"async\" class=\"swiper-slide-image\" src=\"https:\/\/soundhealingloscabos.com\/wp-content\/uploads\/2025\/07\/SHLC_CampanaAltruista_Sesiones-9-768x544.png\" alt=\"SHLC_Campa\u00f1aAltruista_Sesiones (9)\" title=\"\"><\/figure><\/div><div class=\"swiper-slide\" role=\"group\" aria-roledescription=\"slide\" aria-label=\"11 of 18\"><figure class=\"swiper-slide-inner\"><img decoding=\"async\" class=\"swiper-slide-image\" src=\"https:\/\/soundhealingloscabos.com\/wp-content\/uploads\/2025\/07\/SHLC_CampanaAltruista_Sesiones-8-768x544.png\" alt=\"SHLC_Campa\u00f1aAltruista_Sesiones (8)\" title=\"\"><\/figure><\/div><div class=\"swiper-slide\" role=\"group\" aria-roledescription=\"slide\" aria-label=\"12 of 18\"><figure class=\"swiper-slide-inner\"><img decoding=\"async\" class=\"swiper-slide-image\" src=\"https:\/\/soundhealingloscabos.com\/wp-content\/uploads\/2025\/07\/SHLC_CampanaAltruista_Sesiones-7-768x544.png\" alt=\"SHLC_Campa\u00f1aAltruista_Sesiones (7)\" title=\"\"><\/figure><\/div><div class=\"swiper-slide\" role=\"group\" aria-roledescription=\"slide\" aria-label=\"13 of 18\"><figure class=\"swiper-slide-inner\"><img decoding=\"async\" class=\"swiper-slide-image\" src=\"https:\/\/soundhealingloscabos.com\/wp-content\/uploads\/2025\/07\/SHLC_CampanaAltruista_Sesiones-6-768x544.png\" alt=\"SHLC_Campa\u00f1aAltruista_Sesiones (6)\" title=\"\"><\/figure><\/div><div class=\"swiper-slide\" role=\"group\" aria-roledescription=\"slide\" aria-label=\"14 of 18\"><figure class=\"swiper-slide-inner\"><img decoding=\"async\" class=\"swiper-slide-image\" src=\"https:\/\/soundhealingloscabos.com\/wp-content\/uploads\/2025\/07\/SHLC_CampanaAltruista_Sesiones-5-768x544.png\" alt=\"SHLC_Campa\u00f1aAltruista_Sesiones (5)\" title=\"\"><\/figure><\/div><div class=\"swiper-slide\" role=\"group\" aria-roledescription=\"slide\" aria-label=\"15 of 18\"><figure class=\"swiper-slide-inner\"><img decoding=\"async\" class=\"swiper-slide-image\" src=\"https:\/\/soundhealingloscabos.com\/wp-content\/uploads\/2025\/07\/SHLC_CampanaAltruista_Sesiones-4-768x544.png\" alt=\"SHLC_Campa\u00f1aAltruista_Sesiones (4)\" title=\"\"><\/figure><\/div><div class=\"swiper-slide\" role=\"group\" aria-roledescription=\"slide\" aria-label=\"16 of 18\"><figure class=\"swiper-slide-inner\"><img decoding=\"async\" class=\"swiper-slide-image\" src=\"https:\/\/soundhealingloscabos.com\/wp-content\/uploads\/2025\/07\/SHLC_CampanaAltruista_Sesiones-3-768x544.png\" alt=\"SHLC_Campa\u00f1aAltruista_Sesiones (3)\" title=\"\"><\/figure><\/div><div class=\"swiper-slide\" role=\"group\" aria-roledescription=\"slide\" aria-label=\"17 of 18\"><figure class=\"swiper-slide-inner\"><img decoding=\"async\" class=\"swiper-slide-image\" src=\"https:\/\/soundhealingloscabos.com\/wp-content\/uploads\/2025\/07\/SHLC_CampanaAltruista_Sesiones-2-768x544.png\" alt=\"SHLC_Campa\u00f1aAltruista_Sesiones (2)\" title=\"\"><\/figure><\/div><div class=\"swiper-slide\" role=\"group\" aria-roledescription=\"slide\" aria-label=\"18 of 18\"><figure class=\"swiper-slide-inner\"><img decoding=\"async\" class=\"swiper-slide-image\" src=\"https:\/\/soundhealingloscabos.com\/wp-content\/uploads\/2025\/07\/SHLC_CampanaAltruista_Sesiones-1-768x544.png\" alt=\"SHLC_Campa\u00f1aAltruista_Sesiones (1)\" title=\"\"><\/figure><\/div>\t\t\t<\/div>\n\t\t\t\t\t\t\t\n\t\t\t\t\t\t\t\t\t<div class=\"swiper-pagination\"><\/div>\n\t\t\t\t\t\t\t\t\t<\/div>\n\t\t\t\t\t\t<\/div>\n\t\t\t\t\t<\/div>\n\t\t\t\t<\/div>\n\t\t<div class=\"elementor-element elementor-element-9c7f0f4 e-flex e-con-boxed e-con e-parent\" data-id=\"9c7f0f4\" data-element_type=\"container\">\n\t\t\t\t\t<div class=\"e-con-inner\">\n\t\t\t\t<div class=\"elementor-element elementor-element-c9e8797 elementor-widget elementor-widget-heading\" data-id=\"c9e8797\" data-element_type=\"widget\" data-widget_type=\"heading.default\">\n\t\t\t\t\t<h2 class=\"elementor-heading-title elementor-size-default\">How can you join us?\n<\/h2>\t\t\t\t<\/div>\n\t\t\t\t<div class=\"elementor-element elementor-element-b857499 elementor-widget elementor-widget-text-editor\" data-id=\"b857499\" data-element_type=\"widget\" data-widget_type=\"text-editor.default\">\n\t\t\t\t\t\t\t\t\tThere are different ways to contribute:\t\t\t\t\t\t\t\t<\/div>\n\t\t\t\t<div class=\"elementor-element elementor-element-79349f0 elementor-align-left elementor-icon-list--layout-traditional elementor-list-item-link-full_width elementor-widget elementor-widget-icon-list\" data-id=\"79349f0\" data-element_type=\"widget\" data-widget_type=\"icon-list.default\">\n\t\t\t\t\t\t\t<ul class=\"elementor-icon-list-items\">\n\t\t\t\t\t\t\t<li class=\"elementor-icon-list-item\">\n\t\t\t\t\t\t\t\t\t\t\t<span class=\"elementor-icon-list-icon\">\n\t\t\t\t\t\t\t<svg aria-hidden=\"true\" class=\"e-font-icon-svg e-fas-star\" viewbox=\"0 0 576 512\" xmlns=\"http:\/\/www.w3.org\/2000\/svg\"><path d=\"M259.3 17.8L194 150.2 47.9 171.5c-26.2 3.8-36.7 36.1-17.7 54.6l105.7 103-25 145.5c-4.5 26.3 23.2 46 46.4 33.7L288 439.6l130.7 68.7c23.2 12.2 50.9-7.4 46.4-33.7l-25-145.5 105.7-103c19-18.5 8.5-50.8-17.7-54.6L382 150.2 316.7 17.8c-11.7-23.6-45.6-23.9-57.4 0z\"><\/path><\/svg>\t\t\t\t\t\t<\/span>\n\t\t\t\t\t\t\t\t\t\t<span class=\"elementor-icon-list-text\">Through voluntary donations, which allow us to sustain and expand the reach of our actions.<\/span>\n\t\t\t\t\t\t\t\t\t<\/li>\n\t\t\t\t\t\t\t\t<li class=\"elementor-icon-list-item\">\n\t\t\t\t\t\t\t\t\t\t\t<span class=\"elementor-icon-list-icon\">\n\t\t\t\t\t\t\t<svg aria-hidden=\"true\" class=\"e-font-icon-svg e-fas-star\" viewbox=\"0 0 576 512\" xmlns=\"http:\/\/www.w3.org\/2000\/svg\"><path d=\"M259.3 17.8L194 150.2 47.9 171.5c-26.2 3.8-36.7 36.1-17.7 54.6l105.7 103-25 145.5c-4.5 26.3 23.2 46 46.4 33.7L288 439.6l130.7 68.7c23.2 12.2 50.9-7.4 46.4-33.7l-25-145.5 105.7-103c19-18.5 8.5-50.8-17.7-54.6L382 150.2 316.7 17.8c-11.7-23.6-45.6-23.9-57.4 0z\"><\/path><\/svg>\t\t\t\t\t\t<\/span>\n\t\t\t\t\t\t\t\t\t\t<span class=\"elementor-icon-list-text\">By offering your time as a volunteer, participating in direct support activities.<\/span>\n\t\t\t\t\t\t\t\t\t<\/li>\n\t\t\t\t\t\t\t\t<li class=\"elementor-icon-list-item\">\n\t\t\t\t\t\t\t\t\t\t\t<span class=\"elementor-icon-list-icon\">\n\t\t\t\t\t\t\t<svg aria-hidden=\"true\" class=\"e-font-icon-svg e-fas-star\" viewbox=\"0 0 576 512\" xmlns=\"http:\/\/www.w3.org\/2000\/svg\"><path d=\"M259.3 17.8L194 150.2 47.9 171.5c-26.2 3.8-36.7 36.1-17.7 54.6l105.7 103-25 145.5c-4.5 26.3 23.2 46 46.4 33.7L288 439.6l130.7 68.7c23.2 12.2 50.9-7.4 46.4-33.7l-25-145.5 105.7-103c19-18.5 8.5-50.8-17.7-54.6L382 150.2 316.7 17.8c-11.7-23.6-45.6-23.9-57.4 0z\"><\/path><\/svg>\t\t\t\t\t\t<\/span>\n\t\t\t\t\t\t\t\t\t\t<span class=\"elementor-icon-list-text\">By spreading the word about this campaign, so more people can learn about it and benefit from it.<\/span>\n\t\t\t\t\t\t\t\t\t<\/li>\n\t\t\t\t\t\t<\/ul>\n\t\t\t\t\t\t<\/div>\n\t\t<div class=\"elementor-element elementor-element-cd96262 e-con-full e-flex e-con e-child\" data-id=\"cd96262\" data-element_type=\"container\">\n\t\t\t\t<div class=\"elementor-element elementor-element-5d5a1c0 elementor-widget elementor-widget-text-editor\" data-id=\"5d5a1c0\" data-element_type=\"widget\" data-widget_type=\"text-editor.default\">\n\t\t\t\t\t\t\t\t\tYour participation is valuable. By joining, you become an active part of a network that works for collective well-being, with responsibility, empathy, and concrete action. Contact us to learn more about how to collaborate. Together, we can create real impact.\t\t\t\t\t\t\t\t<\/div>\n\t\t\t\t<\/div>\n\t\t\t\t<div class=\"elementor-element elementor-element-be2114f elementor-align-justify elementor-widget__width-initial elementor-widget elementor-widget-button\" data-id=\"be2114f\" data-element_type=\"widget\" data-widget_type=\"button.default\">\n\t\t\t\t\t\t\t\t\t\t<a class=\"elementor-button elementor-button-link elementor-size-sm\" href=\"https:\/\/soundhealingloscabos.com\/en\/donar\/\">\n\t\t\t\t\t\t<span class=\"elementor-button-content-wrapper\">\n\t\t\t\t\t\t\t\t\t<span class=\"elementor-button-text\">I want to participate<\/span>\n\t\t\t\t\t<\/span>\n\t\t\t\t\t<\/a>\n\t\t\t\t\t\t\t\t<\/div>\n\t\t\t\t\t<\/div>\n\t\t\t\t<\/div>\n\t\t\t\t<\/div>","protected":false},"excerpt":{"rendered":"<p>Campa\u00f1a Altruista de Sanaci\u00f3n Un compromiso real con quienes m\u00e1s lo necesitan Un compromiso real con quienes m\u00e1s lo necesitan La Campa\u00f1a Altruista de Sanaci\u00f3n es una iniciativa que nace [&hellip;]<\/p>","protected":false},"author":1,"featured_media":0,"parent":0,"menu_order":0,"comment_status":"closed","ping_status":"closed","template":"elementor_header_footer","meta":{"_coblocks_attr":"","_coblocks_dimensions":"","_coblocks_responsive_height":"","_coblocks_accordion_ie_support":"","footnotes":""},"class_list":["post-1202","page","type-page","status-publish","hentry"],"_links":{"self":[{"href":"https:\/\/soundhealingloscabos.com\/en\/wp-json\/wp\/v2\/pages\/1202","targetHints":{"allow":["GET"]}}],"collection":[{"href":"https:\/\/soundhealingloscabos.com\/en\/wp-json\/wp\/v2\/pages"}],"about":[{"href":"https:\/\/soundhealingloscabos.com\/en\/wp-json\/wp\/v2\/types\/page"}],"author":[{"embeddable":true,"href":"https:\/\/soundhealingloscabos.com\/en\/wp-json\/wp\/v2\/users\/1"}],"replies":[{"embeddable":true,"href":"https:\/\/soundhealingloscabos.com\/en\/wp-json\/wp\/v2\/comments?post=1202"}],"version-history":[{"count":61,"href":"https:\/\/soundhealingloscabos.com\/en\/wp-json\/wp\/v2\/pages\/1202\/revisions"}],"predecessor-version":[{"id":9150,"href":"https:\/\/soundhealingloscabos.com\/en\/wp-json\/wp\/v2\/pages\/1202\/revisions\/9150"}],"wp:attachment":[{"href":"https:\/\/soundhealingloscabos.com\/en\/wp-json\/wp\/v2\/media?parent=1202"}],"curies":[{"name":"wp","href":"https:\/\/api.w.org\/{rel}","templated":true}]}}