{"id":1169,"date":"2025-07-03T20:38:15","date_gmt":"2025-07-03T20:38:15","guid":{"rendered":"https:\/\/meshico-realstate.com\/?page_id=1169"},"modified":"2025-09-17T19:54:38","modified_gmt":"2025-09-18T01:54:38","slug":"estrella-celeste","status":"publish","type":"page","link":"https:\/\/soundhealingloscabos.com\/en\/estrella-celeste\/","title":{"rendered":"Estrella Celeste Caputo"},"content":{"rendered":"<div data-elementor-type=\"wp-page\" data-elementor-id=\"1169\" class=\"elementor elementor-1169\" data-elementor-post-type=\"page\">\n\t\t\t\t<div class=\"elementor-element elementor-element-cdcdeef e-flex e-con-boxed e-con e-parent\" data-id=\"cdcdeef\" data-element_type=\"container\">\n\t\t\t\t\t<div class=\"e-con-inner\">\n\t\t\t\t<div class=\"elementor-element elementor-element-c11e529 elementor-widget elementor-widget-heading\" data-id=\"c11e529\" data-element_type=\"widget\" data-widget_type=\"heading.default\">\n\t\t\t\t\t<h2 class=\"elementor-heading-title elementor-size-default\">Estrella Celeste Caputo\n<\/h2>\t\t\t\t<\/div>\n\t\t\t\t<div class=\"elementor-element elementor-element-55a3e4b elementor-widget-divider--view-line elementor-widget elementor-widget-divider\" data-id=\"55a3e4b\" data-element_type=\"widget\" data-widget_type=\"divider.default\">\n\t\t\t\t\t\t\t<div class=\"elementor-divider\">\n\t\t\t<span class=\"elementor-divider-separator\">\n\t\t\t\t\t\t<\/span>\n\t\t<\/div>\n\t\t\t\t\t\t<\/div>\n\t\t<div class=\"elementor-element elementor-element-643c31e e-con-full e-flex e-con e-child\" data-id=\"643c31e\" data-element_type=\"container\">\n\t\t\t\t<div class=\"elementor-element elementor-element-ce61b9f elementor-widget__width-initial elementor-widget elementor-widget-image\" data-id=\"ce61b9f\" data-element_type=\"widget\" data-widget_type=\"image.default\">\n\t\t\t\t\t\t\t\t\t\t\t\t\t\t\t<img fetchpriority=\"high\" decoding=\"async\" width=\"597\" height=\"596\" src=\"https:\/\/soundhealingloscabos.com\/wp-content\/uploads\/2025\/04\/QuieneSomosEstrella.png\" class=\"attachment-large size-large wp-image-474\" alt=\"\" srcset=\"https:\/\/soundhealingloscabos.com\/wp-content\/uploads\/2025\/04\/QuieneSomosEstrella.png 597w, https:\/\/soundhealingloscabos.com\/wp-content\/uploads\/2025\/04\/QuieneSomosEstrella-300x300.png 300w, https:\/\/soundhealingloscabos.com\/wp-content\/uploads\/2025\/04\/QuieneSomosEstrella-150x150.png 150w, https:\/\/soundhealingloscabos.com\/wp-content\/uploads\/2025\/04\/QuieneSomosEstrella-100x100.png 100w\" sizes=\"(max-width: 597px) 100vw, 597px\" title=\"\">\t\t\t\t\t\t\t\t\t\t\t\t\t\t\t<\/div>\n\t\t<div class=\"elementor-element elementor-element-3b84932 e-con-full e-flex e-con e-child\" data-id=\"3b84932\" data-element_type=\"container\">\n\t\t\t\t<div class=\"elementor-element elementor-element-fa53701 elementor-widget elementor-widget-heading\" data-id=\"fa53701\" data-element_type=\"widget\" data-widget_type=\"heading.default\">\n\t\t\t\t\t<h2 class=\"elementor-heading-title elementor-size-default\">Sound therapist\n<\/h2>\t\t\t\t<\/div>\n\t\t\t\t<div class=\"elementor-element elementor-element-0a32399 elementor-widget elementor-widget-text-editor\" data-id=\"0a32399\" data-element_type=\"widget\" data-widget_type=\"text-editor.default\">\n\t\t\t\t\t\t\t\t\tHolistic Therapist specializing in Flower Essences and Bioenergetics. With an early interest in music and the search for new healing tools, she trained as a Sound Therapist at Sound Healing Los Cabos. She assisted in the workshop \"Learning the Art of the Gong\" by Adi Naad, offered by the School of the Art of the Gong. She currently conducts sound sessions and guided meditations, aiming to integrate the benefits of this medicine into the community.\n\n\t\t\t\t\t\t\t\t<\/div>\n\t\t\t\t<div class=\"elementor-element elementor-element-c2bd026 elementor-align-right elementor-mobile-align-center elementor-widget__width-initial elementor-widget elementor-widget-button\" data-id=\"c2bd026\" data-element_type=\"widget\" data-widget_type=\"button.default\">\n\t\t\t\t\t\t\t\t\t\t<a class=\"elementor-button elementor-button-link elementor-size-sm\" href=\"https:\/\/soundhealingloscabos.com\/en\/quienes-somos\/\">\n\t\t\t\t\t\t<span class=\"elementor-button-content-wrapper\">\n\t\t\t\t\t\t\t\t\t<span class=\"elementor-button-text\">Back<\/span>\n\t\t\t\t\t<\/span>\n\t\t\t\t\t<\/a>\n\t\t\t\t\t\t\t\t<\/div>\n\t\t\t\t<\/div>\n\t\t\t\t<\/div>\n\t\t\t\t\t<\/div>\n\t\t\t\t<\/div>\n\t\t\t\t<\/div>","protected":false},"excerpt":{"rendered":"<p>Estrella Celeste Caputo Terapeuta de Sonido Terapeuta Hol\u00edstica con especializaci\u00f3n en Esencias Florales y Bioenerg\u00e9tica. Con un inter\u00e9s desde temprana edad por la m\u00fasica y la b\u00fasqueda de nuevas herramientas [&hellip;]<\/p>","protected":false},"author":1,"featured_media":0,"parent":0,"menu_order":0,"comment_status":"closed","ping_status":"closed","template":"elementor_header_footer","meta":{"_coblocks_attr":"","_coblocks_dimensions":"","_coblocks_responsive_height":"","_coblocks_accordion_ie_support":"","footnotes":""},"class_list":["post-1169","page","type-page","status-publish","hentry"],"_links":{"self":[{"href":"https:\/\/soundhealingloscabos.com\/en\/wp-json\/wp\/v2\/pages\/1169","targetHints":{"allow":["GET"]}}],"collection":[{"href":"https:\/\/soundhealingloscabos.com\/en\/wp-json\/wp\/v2\/pages"}],"about":[{"href":"https:\/\/soundhealingloscabos.com\/en\/wp-json\/wp\/v2\/types\/page"}],"author":[{"embeddable":true,"href":"https:\/\/soundhealingloscabos.com\/en\/wp-json\/wp\/v2\/users\/1"}],"replies":[{"embeddable":true,"href":"https:\/\/soundhealingloscabos.com\/en\/wp-json\/wp\/v2\/comments?post=1169"}],"version-history":[{"count":12,"href":"https:\/\/soundhealingloscabos.com\/en\/wp-json\/wp\/v2\/pages\/1169\/revisions"}],"predecessor-version":[{"id":9119,"href":"https:\/\/soundhealingloscabos.com\/en\/wp-json\/wp\/v2\/pages\/1169\/revisions\/9119"}],"wp:attachment":[{"href":"https:\/\/soundhealingloscabos.com\/en\/wp-json\/wp\/v2\/media?parent=1169"}],"curies":[{"name":"wp","href":"https:\/\/api.w.org\/{rel}","templated":true}]}}