{"id":1148,"date":"2025-07-03T13:14:33","date_gmt":"2025-07-03T13:14:33","guid":{"rendered":"https:\/\/meshico-realstate.com\/?page_id=1148"},"modified":"2025-09-17T19:55:11","modified_gmt":"2025-09-18T01:55:11","slug":"maria-fernanda-silva-mejia","status":"publish","type":"page","link":"https:\/\/soundhealingloscabos.com\/en\/maria-fernanda-silva-mejia\/","title":{"rendered":"Mar\u00eda Fernanda Silva Mej\u00eda"},"content":{"rendered":"<div data-elementor-type=\"wp-page\" data-elementor-id=\"1148\" class=\"elementor elementor-1148\" data-elementor-post-type=\"page\">\n\t\t\t\t<div class=\"elementor-element elementor-element-12299a1 e-flex e-con-boxed e-con e-parent\" data-id=\"12299a1\" data-element_type=\"container\">\n\t\t\t\t\t<div class=\"e-con-inner\">\n\t\t\t\t<div class=\"elementor-element elementor-element-fad3fd6 elementor-widget elementor-widget-heading\" data-id=\"fad3fd6\" data-element_type=\"widget\" data-widget_type=\"heading.default\">\n\t\t\t\t\t<h2 class=\"elementor-heading-title elementor-size-default\">  Mar\u00eda Fernanda Silva Mej\u00eda\n<\/h2>\t\t\t\t<\/div>\n\t\t\t\t<div class=\"elementor-element elementor-element-e1d4d81 elementor-widget-divider--view-line elementor-widget elementor-widget-divider\" data-id=\"e1d4d81\" data-element_type=\"widget\" data-widget_type=\"divider.default\">\n\t\t\t\t\t\t\t<div class=\"elementor-divider\">\n\t\t\t<span class=\"elementor-divider-separator\">\n\t\t\t\t\t\t<\/span>\n\t\t<\/div>\n\t\t\t\t\t\t<\/div>\n\t\t<div class=\"elementor-element elementor-element-cf7377a e-con-full e-flex e-con e-child\" data-id=\"cf7377a\" data-element_type=\"container\">\n\t\t\t\t<div class=\"elementor-element elementor-element-4e7574c elementor-widget__width-initial elementor-widget elementor-widget-image\" data-id=\"4e7574c\" data-element_type=\"widget\" data-widget_type=\"image.default\">\n\t\t\t\t\t\t\t\t\t\t\t\t\t\t\t<img fetchpriority=\"high\" decoding=\"async\" width=\"597\" height=\"596\" src=\"https:\/\/soundhealingloscabos.com\/wp-content\/uploads\/2025\/08\/QuieneSomosFernanda.png\" class=\"attachment-large size-large wp-image-1414\" alt=\"\" srcset=\"https:\/\/soundhealingloscabos.com\/wp-content\/uploads\/2025\/08\/QuieneSomosFernanda.png 597w, https:\/\/soundhealingloscabos.com\/wp-content\/uploads\/2025\/08\/QuieneSomosFernanda-300x300.png 300w, https:\/\/soundhealingloscabos.com\/wp-content\/uploads\/2025\/08\/QuieneSomosFernanda-150x150.png 150w, https:\/\/soundhealingloscabos.com\/wp-content\/uploads\/2025\/08\/QuieneSomosFernanda-12x12.png 12w, https:\/\/soundhealingloscabos.com\/wp-content\/uploads\/2025\/08\/QuieneSomosFernanda-100x100.png 100w\" sizes=\"(max-width: 597px) 100vw, 597px\" title=\"\">\t\t\t\t\t\t\t\t\t\t\t\t\t\t\t<\/div>\n\t\t<div class=\"elementor-element elementor-element-b459806 e-con-full e-flex e-con e-child\" data-id=\"b459806\" data-element_type=\"container\">\n\t\t\t\t<div class=\"elementor-element elementor-element-f99ad20 elementor-widget elementor-widget-heading\" data-id=\"f99ad20\" data-element_type=\"widget\" data-widget_type=\"heading.default\">\n\t\t\t\t\t<h2 class=\"elementor-heading-title elementor-size-default\">Sound therapist and wellness facilitator\n<\/h2>\t\t\t\t<\/div>\n\t\t\t\t<div class=\"elementor-element elementor-element-777cda7 elementor-widget elementor-widget-text-editor\" data-id=\"777cda7\" data-element_type=\"widget\" data-widget_type=\"text-editor.default\">\n\t\t\t\t\t\t\t\t\t<p><span style=\"font-weight: 400;\">Falta traducci\u00f3n: Originally from Mexico City, Mar\u00eda Fernanda holds a degree in Photography and is a therapist in alternative medicines. Her path has led her through various disciplines focused on art and healing, discovering in sound a powerful tool for transformation. She trained in sound therapy with Sound Healing Los Cabos, where she currently collaborates, offering sound therapies for the well-being of both people\u00a0and\u00a0animals.<\/span><\/p>\t\t\t\t\t\t\t\t<\/div>\n\t\t\t\t<div class=\"elementor-element elementor-element-9284263 elementor-align-right elementor-mobile-align-center elementor-widget__width-initial elementor-widget elementor-widget-button\" data-id=\"9284263\" data-element_type=\"widget\" data-widget_type=\"button.default\">\n\t\t\t\t\t\t\t\t\t\t<a class=\"elementor-button elementor-button-link elementor-size-sm\" href=\"https:\/\/soundhealingloscabos.com\/en\/quienes-somos\/\">\n\t\t\t\t\t\t<span class=\"elementor-button-content-wrapper\">\n\t\t\t\t\t\t\t\t\t<span class=\"elementor-button-text\">Back<\/span>\n\t\t\t\t\t<\/span>\n\t\t\t\t\t<\/a>\n\t\t\t\t\t\t\t\t<\/div>\n\t\t\t\t<\/div>\n\t\t\t\t<\/div>\n\t\t\t\t\t<\/div>\n\t\t\t\t<\/div>\n\t\t\t\t<\/div>","protected":false},"excerpt":{"rendered":"<p>Mar\u00eda Fernanda Silva Mej\u00eda Sonoterapeuta y facilitadora de bienestar Originaria de la Ciudad de M\u00e9xico, Mar\u00eda Fernanda es licenciada en Fotograf\u00eda y terapeuta en medicinas alternativas. Su camino la ha [&hellip;]<\/p>","protected":false},"author":1,"featured_media":0,"parent":0,"menu_order":0,"comment_status":"closed","ping_status":"closed","template":"elementor_header_footer","meta":{"_coblocks_attr":"","_coblocks_dimensions":"","_coblocks_responsive_height":"","_coblocks_accordion_ie_support":"","footnotes":""},"class_list":["post-1148","page","type-page","status-publish","hentry"],"_links":{"self":[{"href":"https:\/\/soundhealingloscabos.com\/en\/wp-json\/wp\/v2\/pages\/1148","targetHints":{"allow":["GET"]}}],"collection":[{"href":"https:\/\/soundhealingloscabos.com\/en\/wp-json\/wp\/v2\/pages"}],"about":[{"href":"https:\/\/soundhealingloscabos.com\/en\/wp-json\/wp\/v2\/types\/page"}],"author":[{"embeddable":true,"href":"https:\/\/soundhealingloscabos.com\/en\/wp-json\/wp\/v2\/users\/1"}],"replies":[{"embeddable":true,"href":"https:\/\/soundhealingloscabos.com\/en\/wp-json\/wp\/v2\/comments?post=1148"}],"version-history":[{"count":14,"href":"https:\/\/soundhealingloscabos.com\/en\/wp-json\/wp\/v2\/pages\/1148\/revisions"}],"predecessor-version":[{"id":9131,"href":"https:\/\/soundhealingloscabos.com\/en\/wp-json\/wp\/v2\/pages\/1148\/revisions\/9131"}],"wp:attachment":[{"href":"https:\/\/soundhealingloscabos.com\/en\/wp-json\/wp\/v2\/media?parent=1148"}],"curies":[{"name":"wp","href":"https:\/\/api.w.org\/{rel}","templated":true}]}}